{"id":58,"date":"2021-05-05T00:18:57","date_gmt":"2021-05-04T22:18:57","guid":{"rendered":"https:\/\/www.exerzitien-gaming.at\/?page_id=58"},"modified":"2021-05-14T07:59:51","modified_gmt":"2021-05-14T05:59:51","slug":"komm-du-schaffende-kraft-mache-uns-neu","status":"publish","type":"page","link":"https:\/\/www.exerzitien-gaming.at\/","title":{"rendered":"Komm du schaffende Kraft, mache uns neu"},"content":{"rendered":"\n<p>Komme, geheimnisvoller Atem,<br>leiser z\u00e4rtlicher Wind,<br>hauche uns an,<br>damit wir leben,<br>ohne dich sind wir tot!<\/p>\n\n\n\n<p>Komme, in Feuer und in Flammen,<br>z\u00fcnd uns an wie ein Licht,<br>mache uns trunken von der Liebe,<br>wir sind starr, tau uns auf!<\/p>\n\n\n\n<p>Komme, Erfinder neuer Sprachen,<br>gie\u00df dich aus \u00fcber uns,<br>rede in uns mit neuen Zungen,<br>komm, begeistere uns!<\/p>\n\n\n\n<p>Komme, du Hoffnung aller Armen, schaff den Wehrlosen Recht, dass die Gebeugten sich erheben, dass sich V\u00f6lker befrein!<\/p>\n\n\n\n<p>Komme, du Tr\u00f6ster aller M\u00fcden, Stille mitten im L\u00e4rm,<br>in den Terminen schaff uns Pausen, lass uns ausruhn in dir!<\/p>\n\n\n\n<p>Komme, du Taube \u00fcbers Wasser, bring den \u00d6lzweig herbei,<br>bring uns das Zeichen f\u00fcr den Frieden, den die Erde ersehnt!<\/p>\n\n\n\n<p>Komme vom Vater und vom Sohne, komm du schaffende Kraft, mache uns neu, und unsre Erde hat ein neues Gesicht!<\/p>\n\n\n\n<p>Aus: Lothar Zenetti \u201eDie wunderbare Zeitvermehrung\u201c<\/p>\n","protected":false},"excerpt":{"rendered":"<p>Komme, geheimnisvoller Atem,leiser z\u00e4rtlicher Wind,hauche uns an,damit wir leben,ohne dich sind wir tot! Komme, in Feuer und in Flammen,z\u00fcnd uns an wie ein Licht,mache uns trunken von der Liebe,wir sind starr, tau uns auf! Komme, Erfinder neuer Sprachen,gie\u00df dich aus \u00fcber uns,rede in uns mit neuen Zungen,komm, begeistere uns! Komme, du Hoffnung aller Armen, schaff &hellip; <a href=\"https:\/\/www.exerzitien-gaming.at\/\" class=\"more-link\"><span class=\"screen-reader-text\">Komm du schaffende Kraft, mache uns neu<\/span> weiterlesen<\/a><\/p>\n","protected":false},"author":1,"featured_media":109,"parent":0,"menu_order":0,"comment_status":"closed","ping_status":"closed","template":"","meta":{"footnotes":""},"_links":{"self":[{"href":"https:\/\/www.exerzitien-gaming.at\/index.php?rest_route=\/wp\/v2\/pages\/58"}],"collection":[{"href":"https:\/\/www.exerzitien-gaming.at\/index.php?rest_route=\/wp\/v2\/pages"}],"about":[{"href":"https:\/\/www.exerzitien-gaming.at\/index.php?rest_route=\/wp\/v2\/types\/page"}],"author":[{"embeddable":true,"href":"https:\/\/www.exerzitien-gaming.at\/index.php?rest_route=\/wp\/v2\/users\/1"}],"replies":[{"embeddable":true,"href":"https:\/\/www.exerzitien-gaming.at\/index.php?rest_route=%2Fwp%2Fv2%2Fcomments&post=58"}],"version-history":[{"count":1,"href":"https:\/\/www.exerzitien-gaming.at\/index.php?rest_route=\/wp\/v2\/pages\/58\/revisions"}],"predecessor-version":[{"id":59,"href":"https:\/\/www.exerzitien-gaming.at\/index.php?rest_route=\/wp\/v2\/pages\/58\/revisions\/59"}],"wp:featuredmedia":[{"embeddable":true,"href":"https:\/\/www.exerzitien-gaming.at\/index.php?rest_route=\/wp\/v2\/media\/109"}],"wp:attachment":[{"href":"https:\/\/www.exerzitien-gaming.at\/index.php?rest_route=%2Fwp%2Fv2%2Fmedia&parent=58"}],"curies":[{"name":"wp","href":"https:\/\/api.w.org\/{rel}","templated":true}]}}