{"id":526,"date":"2026-03-10T22:50:44","date_gmt":"2026-03-10T21:50:44","guid":{"rendered":"https:\/\/www.exerzitien-gaming.at\/?page_id=526"},"modified":"2026-03-10T22:50:44","modified_gmt":"2026-03-10T21:50:44","slug":"thema-und-referentin-2026","status":"publish","type":"page","link":"https:\/\/www.exerzitien-gaming.at\/?page_id=526","title":{"rendered":"THEMA und REFERENTIN 2026"},"content":{"rendered":"\n<figure class=\"wp-block-image size-large\"><img loading=\"lazy\" decoding=\"async\" width=\"1024\" height=\"455\" src=\"https:\/\/www.exerzitien-gaming.at\/wp-content\/uploads\/2026\/03\/image-1024x455.png\" alt=\"\" class=\"wp-image-527\" srcset=\"https:\/\/www.exerzitien-gaming.at\/wp-content\/uploads\/2026\/03\/image-1024x455.png 1024w, https:\/\/www.exerzitien-gaming.at\/wp-content\/uploads\/2026\/03\/image-300x133.png 300w, https:\/\/www.exerzitien-gaming.at\/wp-content\/uploads\/2026\/03\/image-768x341.png 768w, https:\/\/www.exerzitien-gaming.at\/wp-content\/uploads\/2026\/03\/image.png 1121w\" sizes=\"(max-width: 1024px) 100vw, 1024px\" \/><\/figure>\n\n\n\n<p><\/p>\n\n\n\n<p><strong>Liebe Freundinnen und Freunde der Exerzitien in der Kartause Gaming!<\/strong><\/p>\n\n\n\n<p>In einer besonderen Zeit wie dieser wollen wir einander st\u00fctzen, Zuversicht zusprechen und uns in Gemeinschaft der Liebe und Hilfe Gottes anvertrauen. <br>Gottes Herz ist \u00fcbervoll mit Liebe f\u00fcr uns Menschen. Doch gerade wenn wir \u00c4ngste, Sorgen und N\u00f6te haben, kehren wir Gott h\u00e4ufig entt\u00e4uscht den R\u00fccken zu. Schwester Teresa Zukic macht uns Mut:<br>Jetzt ist die Zeit f\u00fcr Neuanf\u00e4nge \u2013 f\u00fcr einen Neuanfang mit Gott, unseren Liebsten und allen Menschen um uns herum. Denn wenn wir uns von Gott wieder lieben lassen, k\u00f6nnen wir neue Hoffnung und Kraft sch\u00f6pfen und an andere Menschen weitergeben \u2013 auch in schweren Zeiten.<\/p>\n\n\n\n<p>In den Eucharistiefeiern, Heilungsgebeten, Vortr\u00e4gen, durch Lobpreis und Anbetung sowie im Empfang der Sakramente wollen wir St\u00e4rkung im Glauben erfahren. Auf diesem Weg unterst\u00fctzen, helfen und ermutigen wir uns gegenseitig.<\/p>\n\n\n\n<p><em>Mit herzlichen Gr\u00fc\u00dfen,<\/em> <em>Beatrix und Walter Wenzel,<br>im Namen des Vorbereitungsteams<\/em><br><em>Kanonikus Norbert Burmettler, Schirmherr und geistlicher Assistent<\/em><\/p>\n\n\n\n<p><strong>Vortragende 2026 &#8211; Sr. Teresa Zukic<\/strong><\/p>\n\n\n\n<figure class=\"wp-block-image size-full\"><img loading=\"lazy\" decoding=\"async\" width=\"439\" height=\"282\" src=\"https:\/\/www.exerzitien-gaming.at\/wp-content\/uploads\/2026\/03\/image-1.png\" alt=\"\" class=\"wp-image-529\" srcset=\"https:\/\/www.exerzitien-gaming.at\/wp-content\/uploads\/2026\/03\/image-1.png 439w, https:\/\/www.exerzitien-gaming.at\/wp-content\/uploads\/2026\/03\/image-1-300x193.png 300w\" sizes=\"(max-width: 439px) 100vw, 439px\" \/><\/figure>\n\n\n\n<p><\/p>\n\n\n\n<p>Schwester Teresa ist kein unbeschriebenes Blatt. Sie ist Millionen von Deutschen durch ihre Fernsehauftritte, Musicals, Gottesdienste, Predigen, Vortr\u00e4ge, B\u00fccher und sozialen Medien bekannt. Die Religionsp\u00e4dagogin und katholische Ordensfrau, verbindet Redetalent, Humor, Offenheit und Begeisterung am Glauben zu einer mitrei\u00dfenden Pers\u00f6nlichkeit.<\/p>\n\n\n\n<p>Die mehrfach ausgezeichnete Autorin ist eine gefragte Gastrednerin in den deutschsprachigen L\u00e4ndern, bei Unternehmern, Firmen, Verb\u00e4nden, Christliche Gemeinden und Jugendveranstaltungen.<\/p>\n\n\n\n<p>Sie hielt bis 2020 an die 200 Vortr\u00e4ge im Jahr. Sie besiegte von Herbst 2020-2021 einen b\u00f6sartigen Geb\u00e4rmutterkrebs und wurde f\u00fcr viele Menschen zur gro\u1e9een Ermutigerin und t\u00e4glichen Inspiration.<\/p>\n\n\n\n<p>2004 Kulturpreis f\u00fcr Musik und Gegenwartsliteratur<br>2013 Verdienstorden der Bundesrepublik Deutschland<br>2023 Bayerischer Verdienstorden 2025 Award- Fr\u00e4ulein Kurvig Preis f\u00fcr N\u00e4chstenliebe<\/p>\n\n\n\n<p><a href=\"https:\/\/www.schwester-teresa.de\">https:\/\/www.schwester-teresa.de<\/a><\/p>\n","protected":false},"excerpt":{"rendered":"<p>Liebe Freundinnen und Freunde der Exerzitien in der Kartause Gaming! In einer besonderen Zeit wie dieser wollen wir einander st\u00fctzen, Zuversicht zusprechen und uns in Gemeinschaft der Liebe und Hilfe Gottes anvertrauen. Gottes Herz ist \u00fcbervoll mit Liebe f\u00fcr uns Menschen. Doch gerade wenn wir \u00c4ngste, Sorgen und N\u00f6te haben, kehren wir Gott h\u00e4ufig entt\u00e4uscht &hellip; <a href=\"https:\/\/www.exerzitien-gaming.at\/?page_id=526\" class=\"more-link\"><span class=\"screen-reader-text\">THEMA und REFERENTIN 2026<\/span> weiterlesen<\/a><\/p>\n","protected":false},"author":1,"featured_media":0,"parent":0,"menu_order":0,"comment_status":"closed","ping_status":"closed","template":"","meta":{"footnotes":""},"_links":{"self":[{"href":"https:\/\/www.exerzitien-gaming.at\/index.php?rest_route=\/wp\/v2\/pages\/526"}],"collection":[{"href":"https:\/\/www.exerzitien-gaming.at\/index.php?rest_route=\/wp\/v2\/pages"}],"about":[{"href":"https:\/\/www.exerzitien-gaming.at\/index.php?rest_route=\/wp\/v2\/types\/page"}],"author":[{"embeddable":true,"href":"https:\/\/www.exerzitien-gaming.at\/index.php?rest_route=\/wp\/v2\/users\/1"}],"replies":[{"embeddable":true,"href":"https:\/\/www.exerzitien-gaming.at\/index.php?rest_route=%2Fwp%2Fv2%2Fcomments&post=526"}],"version-history":[{"count":3,"href":"https:\/\/www.exerzitien-gaming.at\/index.php?rest_route=\/wp\/v2\/pages\/526\/revisions"}],"predecessor-version":[{"id":539,"href":"https:\/\/www.exerzitien-gaming.at\/index.php?rest_route=\/wp\/v2\/pages\/526\/revisions\/539"}],"wp:attachment":[{"href":"https:\/\/www.exerzitien-gaming.at\/index.php?rest_route=%2Fwp%2Fv2%2Fmedia&parent=526"}],"curies":[{"name":"wp","href":"https:\/\/api.w.org\/{rel}","templated":true}]}}