{"id":503,"date":"2025-07-19T00:31:46","date_gmt":"2025-07-18T22:31:46","guid":{"rendered":"https:\/\/www.exerzitien-gaming.at\/?page_id=503"},"modified":"2025-07-28T23:59:39","modified_gmt":"2025-07-28T21:59:39","slug":"videos-der-exerzitien-2025-mit-msgr-leo-maasburg","status":"publish","type":"page","link":"https:\/\/www.exerzitien-gaming.at\/?page_id=503","title":{"rendered":"Videos &#8211; Exerzitien 2025"},"content":{"rendered":"\n<h2 class=\"wp-block-heading\"><strong>mit Msgr. Dr. Leo Maasburg<\/strong><\/h2>\n\n\n\n<p>im Juli 2025 &#8211; aus der Kartause Gaming, Nieder\u00f6sterreich &#8211; AUSTRIA<\/p>\n\n\n\n<p><\/p>\n\n\n\n<figure class=\"wp-block-image size-full\"><img loading=\"lazy\" decoding=\"async\" width=\"220\" height=\"220\" src=\"https:\/\/www.exerzitien-gaming.at\/wp-content\/uploads\/2025\/07\/image.png\" alt=\"\" class=\"wp-image-504\" srcset=\"https:\/\/www.exerzitien-gaming.at\/wp-content\/uploads\/2025\/07\/image.png 220w, https:\/\/www.exerzitien-gaming.at\/wp-content\/uploads\/2025\/07\/image-150x150.png 150w\" sizes=\"(max-width: 220px) 100vw, 220px\" \/><\/figure>\n\n\n\n<p style=\"font-size:30px\"><strong><em>Die Hoffnung aber l\u00e4sst uns <\/em><\/strong><br><strong><em>nicht zugrunde gehen! \u201c <\/em><\/strong><\/p>\n\n\n\n<p><strong><strong><em>R\u00f6m 5,5a<\/em><\/strong><\/strong><\/p>\n\n\n\n<p class=\"has-medium-font-size\"><strong><br>Was n\u00e4hrt unsere Hoffnung?<br><\/strong>Die&nbsp;Eucharistie &#8211; der Leib Christi, verweist schon auf die k\u00fcnftige Vollendung, auf die k\u00fcnftige Teilnahme am Mahl Gottes mit den Menschen und schenkt so&nbsp;Hoffnung&nbsp;und Zuversicht:<br>\u201eDenn Gott hat die Welt so sehr geliebt, dass er seinen einzigen Sohn hingab, damit jeder, der an ihn glaubt, nicht verloren geht, sondern ewiges Leben hat.\u201c Joh 3,16<\/p>\n\n\n\n<p><strong>2025 &#8211; Interview mit Msgr. Dr. Leo Maasburg, Exerzitienorganisatorin und Teilnehmerin:<\/strong><\/p>\n\n\n\n<figure class=\"wp-block-embed is-type-video is-provider-youtube wp-block-embed-youtube wp-embed-aspect-16-9 wp-has-aspect-ratio\"><div class=\"wp-block-embed__wrapper\">\n<iframe loading=\"lazy\" title=\"\ud83d\ude4f Exerzitien in der Kartause Gaming \u2728\" width=\"660\" height=\"371\" src=\"https:\/\/www.youtube.com\/embed\/mRp8my0td20?feature=oembed\" frameborder=\"0\" allow=\"accelerometer; autoplay; clipboard-write; encrypted-media; gyroscope; picture-in-picture; web-share\" referrerpolicy=\"strict-origin-when-cross-origin\" allowfullscreen><\/iframe>\n<\/div><\/figure>\n\n\n\n<p id=\"block-51a83c14-38f0-462b-b78a-1f12d0d40ab3\"><strong>Achtteilige Exerzitienreihe<br>Aufzeichnung vom Juli 2025, Kartause Gaming &#8211; \u00d6sterreich.<\/strong><br><br><strong>Folge 1\/8\u00a0 \u201eEinf\u00fchrungsvortrag: Hoffnung und innere Stille &#8211; Teil1&#8243;<\/strong><\/p>\n\n\n\n<figure class=\"wp-block-embed is-type-video is-provider-youtube wp-block-embed-youtube wp-embed-aspect-16-9 wp-has-aspect-ratio\"><div class=\"wp-block-embed__wrapper\">\n<iframe loading=\"lazy\" title=\"Exerzitien Gaming 25 Vortrag 1 640x360 komp\" width=\"660\" height=\"371\" src=\"https:\/\/www.youtube.com\/embed\/OJsr54lWBCc?feature=oembed\" frameborder=\"0\" allow=\"accelerometer; autoplay; clipboard-write; encrypted-media; gyroscope; picture-in-picture; web-share\" referrerpolicy=\"strict-origin-when-cross-origin\" allowfullscreen><\/iframe>\n<\/div><\/figure>\n\n\n\n<p id=\"block-c7f00520-e0e1-4ed9-aedc-47b643b6ab13\"><strong>Folge 2\/8\u00a0 \u201eHoffnung und innere Stille &#8211; Teil2\u201c:<\/strong><\/p>\n\n\n\n<figure class=\"wp-block-embed is-type-video is-provider-youtube wp-block-embed-youtube wp-embed-aspect-16-9 wp-has-aspect-ratio\"><div class=\"wp-block-embed__wrapper\">\n<iframe loading=\"lazy\" title=\"Exerzitien Gaming 25 Vortrag 2 640x360 komp\" width=\"660\" height=\"371\" src=\"https:\/\/www.youtube.com\/embed\/NzZXNNj-xlo?feature=oembed\" frameborder=\"0\" allow=\"accelerometer; autoplay; clipboard-write; encrypted-media; gyroscope; picture-in-picture; web-share\" referrerpolicy=\"strict-origin-when-cross-origin\" allowfullscreen><\/iframe>\n<\/div><\/figure>\n\n\n\n<p id=\"block-ff4c1fe8-32c9-4235-85b5-feba5d3c4c46\"><strong>Folge 3\/8\u00a0 \u201eFiat Mariens und unser Fiat\u201c:<\/strong><\/p>\n\n\n\n<figure class=\"wp-block-embed is-type-video is-provider-youtube wp-block-embed-youtube wp-embed-aspect-16-9 wp-has-aspect-ratio\"><div class=\"wp-block-embed__wrapper\">\n<iframe loading=\"lazy\" title=\"Exerzitien Gaming 25 Vortrag 3 640x360 komp\" width=\"660\" height=\"371\" src=\"https:\/\/www.youtube.com\/embed\/QAa-bQocWW4?feature=oembed\" frameborder=\"0\" allow=\"accelerometer; autoplay; clipboard-write; encrypted-media; gyroscope; picture-in-picture; web-share\" referrerpolicy=\"strict-origin-when-cross-origin\" allowfullscreen><\/iframe>\n<\/div><\/figure>\n\n\n\n<p id=\"block-4c2f2983-afd7-4834-a060-09a814216665\"><strong>Folge 4\/8\u00a0 \u201eDreifaltigkeit und Liebe\u201c<\/strong><\/p>\n\n\n\n<figure class=\"wp-block-embed is-type-video is-provider-youtube wp-block-embed-youtube wp-embed-aspect-16-9 wp-has-aspect-ratio\"><div class=\"wp-block-embed__wrapper\">\n<iframe loading=\"lazy\" title=\"Exerzitien Gaming 25 Vortrag 4 640x360 komp\" width=\"660\" height=\"371\" src=\"https:\/\/www.youtube.com\/embed\/GS0jHnnvJ7E?feature=oembed\" frameborder=\"0\" allow=\"accelerometer; autoplay; clipboard-write; encrypted-media; gyroscope; picture-in-picture; web-share\" referrerpolicy=\"strict-origin-when-cross-origin\" allowfullscreen><\/iframe>\n<\/div><\/figure>\n\n\n\n<p id=\"block-6357f1b5-d204-4461-a17c-81f03b634db3\"><strong>Folge 5\/8\u00a0 \u201ePlan Gottes: Einheit unter den Christen<\/strong><strong>\u201c:<\/strong><\/p>\n\n\n\n<figure class=\"wp-block-embed is-type-video is-provider-youtube wp-block-embed-youtube wp-embed-aspect-16-9 wp-has-aspect-ratio\"><div class=\"wp-block-embed__wrapper\">\n<iframe loading=\"lazy\" title=\"Exerzitien Gaming 25 Vortrag 5 640x360 komp\" width=\"660\" height=\"371\" src=\"https:\/\/www.youtube.com\/embed\/PGfZYzmqnbg?feature=oembed\" frameborder=\"0\" allow=\"accelerometer; autoplay; clipboard-write; encrypted-media; gyroscope; picture-in-picture; web-share\" referrerpolicy=\"strict-origin-when-cross-origin\" allowfullscreen><\/iframe>\n<\/div><\/figure>\n\n\n\n<p id=\"block-6e84ff8a-2d96-46fc-a052-a73040943748\"><strong>Folge 6\/8\u00a0 \u201eVerzeihen, vers\u00f6hnen&#8220;:<\/strong><\/p>\n\n\n\n<figure class=\"wp-block-embed is-type-video is-provider-youtube wp-block-embed-youtube wp-embed-aspect-16-9 wp-has-aspect-ratio\"><div class=\"wp-block-embed__wrapper\">\n<iframe loading=\"lazy\" title=\"Exerzitien Gaming 25 Vortrag 6 640x360 komp\" width=\"660\" height=\"371\" src=\"https:\/\/www.youtube.com\/embed\/a8O34gJPRY4?feature=oembed\" frameborder=\"0\" allow=\"accelerometer; autoplay; clipboard-write; encrypted-media; gyroscope; picture-in-picture; web-share\" referrerpolicy=\"strict-origin-when-cross-origin\" allowfullscreen><\/iframe>\n<\/div><\/figure>\n\n\n\n<p id=\"block-0d0d9884-f6d6-4233-ac9f-35944cebfcc8\"><strong>Folge 7\/8\u00a0 \u201eVergebung\u201c:<\/strong><\/p>\n\n\n\n<figure class=\"wp-block-embed is-type-video is-provider-youtube wp-block-embed-youtube wp-embed-aspect-16-9 wp-has-aspect-ratio\"><div class=\"wp-block-embed__wrapper\">\n<iframe loading=\"lazy\" title=\"Exerzitien Gaming 25 Vortrag 7 640x360 komp\" width=\"660\" height=\"371\" src=\"https:\/\/www.youtube.com\/embed\/V3Vg5Qxw3Jk?feature=oembed\" frameborder=\"0\" allow=\"accelerometer; autoplay; clipboard-write; encrypted-media; gyroscope; picture-in-picture; web-share\" referrerpolicy=\"strict-origin-when-cross-origin\" allowfullscreen><\/iframe>\n<\/div><\/figure>\n\n\n\n<p id=\"block-ba2bc58d-c252-43c0-9608-1963564c86ba\"><strong>Folge 8\/8\u00a0 \u201eEucharistie<\/strong>\u201c:<\/p>\n\n\n\n<figure class=\"wp-block-embed is-type-video is-provider-youtube wp-block-embed-youtube wp-embed-aspect-16-9 wp-has-aspect-ratio\"><div class=\"wp-block-embed__wrapper\">\n<iframe loading=\"lazy\" title=\"Exerzitien Gaming 25 Vortrag 8 640x360 komp\" width=\"660\" height=\"371\" src=\"https:\/\/www.youtube.com\/embed\/p6pAZHIsjo8?feature=oembed\" frameborder=\"0\" allow=\"accelerometer; autoplay; clipboard-write; encrypted-media; gyroscope; picture-in-picture; web-share\" referrerpolicy=\"strict-origin-when-cross-origin\" allowfullscreen><\/iframe>\n<\/div><\/figure>\n\n\n\n<p><\/p>\n\n\n\n<p>&nbsp;<\/p>\n","protected":false},"excerpt":{"rendered":"<p>mit Msgr. Dr. Leo Maasburg im Juli 2025 &#8211; aus der Kartause Gaming, Nieder\u00f6sterreich &#8211; AUSTRIA Die Hoffnung aber l\u00e4sst uns nicht zugrunde gehen! \u201c R\u00f6m 5,5a Was n\u00e4hrt unsere Hoffnung?Die&nbsp;Eucharistie &#8211; der Leib Christi, verweist schon auf die k\u00fcnftige Vollendung, auf die k\u00fcnftige Teilnahme am Mahl Gottes mit den Menschen und schenkt so&nbsp;Hoffnung&nbsp;und Zuversicht:\u201eDenn &hellip; <a href=\"https:\/\/www.exerzitien-gaming.at\/?page_id=503\" class=\"more-link\"><span class=\"screen-reader-text\">Videos &#8211; Exerzitien 2025<\/span> weiterlesen<\/a><\/p>\n","protected":false},"author":1,"featured_media":0,"parent":0,"menu_order":0,"comment_status":"closed","ping_status":"closed","template":"","meta":{"footnotes":""},"_links":{"self":[{"href":"https:\/\/www.exerzitien-gaming.at\/index.php?rest_route=\/wp\/v2\/pages\/503"}],"collection":[{"href":"https:\/\/www.exerzitien-gaming.at\/index.php?rest_route=\/wp\/v2\/pages"}],"about":[{"href":"https:\/\/www.exerzitien-gaming.at\/index.php?rest_route=\/wp\/v2\/types\/page"}],"author":[{"embeddable":true,"href":"https:\/\/www.exerzitien-gaming.at\/index.php?rest_route=\/wp\/v2\/users\/1"}],"replies":[{"embeddable":true,"href":"https:\/\/www.exerzitien-gaming.at\/index.php?rest_route=%2Fwp%2Fv2%2Fcomments&post=503"}],"version-history":[{"count":7,"href":"https:\/\/www.exerzitien-gaming.at\/index.php?rest_route=\/wp\/v2\/pages\/503\/revisions"}],"predecessor-version":[{"id":518,"href":"https:\/\/www.exerzitien-gaming.at\/index.php?rest_route=\/wp\/v2\/pages\/503\/revisions\/518"}],"wp:attachment":[{"href":"https:\/\/www.exerzitien-gaming.at\/index.php?rest_route=%2Fwp%2Fv2%2Fmedia&parent=503"}],"curies":[{"name":"wp","href":"https:\/\/api.w.org\/{rel}","templated":true}]}}