{"id":391,"date":"2024-05-31T14:12:35","date_gmt":"2024-05-31T12:12:35","guid":{"rendered":"https:\/\/www.exerzitien-gaming.at\/?page_id=391"},"modified":"2024-05-31T14:36:12","modified_gmt":"2024-05-31T12:36:12","slug":"audios-exerzitien-2019","status":"publish","type":"page","link":"https:\/\/www.exerzitien-gaming.at\/?page_id=391","title":{"rendered":"Audios &#8211; Exerzitien 2019"},"content":{"rendered":"\n<figure class=\"wp-block-image size-full\"><img loading=\"lazy\" decoding=\"async\" width=\"691\" height=\"314\" src=\"https:\/\/www.exerzitien-gaming.at\/wp-content\/uploads\/2024\/05\/image.png\" alt=\"\" class=\"wp-image-392\" srcset=\"https:\/\/www.exerzitien-gaming.at\/wp-content\/uploads\/2024\/05\/image.png 691w, https:\/\/www.exerzitien-gaming.at\/wp-content\/uploads\/2024\/05\/image-300x136.png 300w\" sizes=\"(max-width: 691px) 100vw, 691px\" \/><\/figure>\n\n\n\n<p>Radio Maria \u00d6sterreich hat die Vortr\u00e4ge aufgezeichnet und sie sind in der <br><strong>Radio Maria Radiothek<\/strong> zum <strong>Download <\/strong>bzw. zum <strong>Anh\u00f6ren<\/strong> verf\u00fcgbar &#8211; die Links dorthin finden Sie unten:<\/p>\n\n\n\n<p><\/p>\n\n\n\n<figure class=\"wp-block-table is-style-stripes\"><table><tbody><tr><td>Nr.<\/td><td><strong>Links zum DOWNLOAD der 7 Vortr\u00e4ge im mp3-Format<\/strong> (Radio Maria)<\/td><\/tr><tr><td>1<\/td><td><a href=\"https:\/\/rcm.radiomaria.at\/!\/mp3\/download?id=22021\">https:\/\/rcm.radiomaria.at\/!\/mp3\/download?id=22021<\/a><\/td><\/tr><tr><td>2<\/td><td><a href=\"https:\/\/rcm.radiomaria.at\/!\/mp3\/download?id=22048\">https:\/\/rcm.radiomaria.at\/!\/mp3\/download?id=22048<\/a><\/td><\/tr><tr><td>3<\/td><td><a href=\"https:\/\/rcm.radiomaria.at\/!\/mp3\/download?id=22102\">https:\/\/rcm.radiomaria.at\/!\/mp3\/download?id=22102<\/a><\/td><\/tr><tr><td>4<\/td><td><a href=\"https:\/\/rcm.radiomaria.at\/!\/mp3\/download?id=22142\">https:\/\/rcm.radiomaria.at\/!\/mp3\/download?id=22142<\/a><\/td><\/tr><tr><td>5<\/td><td><a href=\"https:\/\/rcm.radiomaria.at\/!\/mp3\/download?id=22173\">https:\/\/rcm.radiomaria.at\/!\/mp3\/download?id=22173<\/a><\/td><\/tr><tr><td>6<\/td><td><a href=\"https:\/\/rcm.radiomaria.at\/!\/mp3\/download?id=22241\">https:\/\/rcm.radiomaria.at\/!\/mp3\/download?id=22241<\/a><\/td><\/tr><tr><td>7<\/td><td><a href=\"https:\/\/rcm.radiomaria.at\/!\/mp3\/download?id=22294\">https:\/\/rcm.radiomaria.at\/!\/mp3\/download?id=22294<\/a><\/td><\/tr><\/tbody><\/table><figcaption class=\"wp-element-caption\">Tabelle der Links zum Download<\/figcaption><\/figure>\n\n\n\n<hr class=\"wp-block-separator has-alpha-channel-opacity\"\/>\n\n\n\n<figure class=\"wp-block-table is-style-stripes\"><table><thead><tr><th><\/th><th><\/th><\/tr><\/thead><tbody><tr><td>Nr.<\/td><td><strong>Links zum ANH\u00d6REN<\/strong> <strong>der 7 Vortr\u00e4ge<\/strong>  (Radio Maria)<\/td><\/tr><tr><td>1<\/td><td><a href=\"https:\/\/www.radiomaria.at\/audio\/?rtid=22021\">https:\/\/www.radiomaria.at\/audio\/?rtid=22021<\/a><\/td><\/tr><tr><td>2<\/td><td><a href=\"https:\/\/www.radiomaria.at\/audio\/?rtid=22048\">https:\/\/www.radiomaria.at\/audio\/?rtid=22048<\/a><\/td><\/tr><tr><td>3<\/td><td><a href=\"https:\/\/www.radiomaria.at\/audio\/?rtid=22102\">https:\/\/www.radiomaria.at\/audio\/?rtid=22102<\/a><\/td><\/tr><tr><td>4<\/td><td><a href=\"https:\/\/www.radiomaria.at\/audio\/?rtid=22142\">https:\/\/www.radiomaria.at\/audio\/?rtid=22142<\/a><\/td><\/tr><tr><td>5<\/td><td><a href=\"https:\/\/www.radiomaria.at\/audio\/?rtid=22173\">https:\/\/www.radiomaria.at\/audio\/?rtid=22173<\/a><\/td><\/tr><tr><td>6<\/td><td><a href=\"https:\/\/www.radiomaria.at\/audio\/?rtid=22241\">https:\/\/www.radiomaria.at\/audio\/?rtid=22241<\/a><\/td><\/tr><tr><td>7<\/td><td><a href=\"https:\/\/www.radiomaria.at\/audio\/?rtid=22294\">https:\/\/www.radiomaria.at\/audio\/?rtid=22294<\/a><\/td><\/tr><\/tbody><\/table><figcaption class=\"wp-element-caption\">Tabelle der Links zum Anh\u00f6ren der Vortr\u00e4ge<\/figcaption><\/figure>\n\n\n\n<p><br><br><strong>Radio Maria  Radiothek &#8211; allgemeiner Link:<\/strong><\/p>\n\n\n\n<figure class=\"wp-block-embed is-type-wp-embed is-provider-radio-maria-sterreich wp-block-embed-radio-maria-sterreich\"><div class=\"wp-block-embed__wrapper\">\n<blockquote class=\"wp-embedded-content\" data-secret=\"UvGObuCgrp\"><a href=\"https:\/\/www.radiomaria.at\/radiothek\/\">Radiothek<\/a><\/blockquote><iframe class=\"wp-embedded-content\" sandbox=\"allow-scripts\" security=\"restricted\" style=\"position: absolute; clip: rect(1px, 1px, 1px, 1px);\" title=\"&#8222;Radiothek&#8220; &#8212; Radio Maria \u00d6sterreich\" src=\"https:\/\/www.radiomaria.at\/radiothek\/embed\/#?secret=5l2Nbf2OUC#?secret=UvGObuCgrp\" data-secret=\"UvGObuCgrp\" width=\"600\" height=\"338\" frameborder=\"0\" marginwidth=\"0\" marginheight=\"0\" scrolling=\"no\"><\/iframe>\n<\/div><figcaption class=\"wp-element-caption\">Link zur Radiothek von Radio Maria  &#8222;<a href=\"https:\/\/www.radiomaria.at\/radiothek\">https:\/\/www.radiomaria.at\/radiothek<\/a>&#8222;<\/figcaption><\/figure>\n\n\n\n<hr class=\"wp-block-separator has-alpha-channel-opacity\"\/>\n\n\n\n<p><\/p>\n","protected":false},"excerpt":{"rendered":"<p>Radio Maria \u00d6sterreich hat die Vortr\u00e4ge aufgezeichnet und sie sind in der Radio Maria Radiothek zum Download bzw. zum Anh\u00f6ren verf\u00fcgbar &#8211; die Links dorthin finden Sie unten: Nr. Links zum DOWNLOAD der 7 Vortr\u00e4ge im mp3-Format (Radio Maria) 1 https:\/\/rcm.radiomaria.at\/!\/mp3\/download?id=22021 2 https:\/\/rcm.radiomaria.at\/!\/mp3\/download?id=22048 3 https:\/\/rcm.radiomaria.at\/!\/mp3\/download?id=22102 4 https:\/\/rcm.radiomaria.at\/!\/mp3\/download?id=22142 5 https:\/\/rcm.radiomaria.at\/!\/mp3\/download?id=22173 6 https:\/\/rcm.radiomaria.at\/!\/mp3\/download?id=22241 7 https:\/\/rcm.radiomaria.at\/!\/mp3\/download?id=22294 Tabelle der &hellip; <a href=\"https:\/\/www.exerzitien-gaming.at\/?page_id=391\" class=\"more-link\"><span class=\"screen-reader-text\">Audios &#8211; Exerzitien 2019<\/span> weiterlesen<\/a><\/p>\n","protected":false},"author":1,"featured_media":0,"parent":0,"menu_order":0,"comment_status":"closed","ping_status":"closed","template":"","meta":{"footnotes":""},"_links":{"self":[{"href":"https:\/\/www.exerzitien-gaming.at\/index.php?rest_route=\/wp\/v2\/pages\/391"}],"collection":[{"href":"https:\/\/www.exerzitien-gaming.at\/index.php?rest_route=\/wp\/v2\/pages"}],"about":[{"href":"https:\/\/www.exerzitien-gaming.at\/index.php?rest_route=\/wp\/v2\/types\/page"}],"author":[{"embeddable":true,"href":"https:\/\/www.exerzitien-gaming.at\/index.php?rest_route=\/wp\/v2\/users\/1"}],"replies":[{"embeddable":true,"href":"https:\/\/www.exerzitien-gaming.at\/index.php?rest_route=%2Fwp%2Fv2%2Fcomments&post=391"}],"version-history":[{"count":22,"href":"https:\/\/www.exerzitien-gaming.at\/index.php?rest_route=\/wp\/v2\/pages\/391\/revisions"}],"predecessor-version":[{"id":419,"href":"https:\/\/www.exerzitien-gaming.at\/index.php?rest_route=\/wp\/v2\/pages\/391\/revisions\/419"}],"wp:attachment":[{"href":"https:\/\/www.exerzitien-gaming.at\/index.php?rest_route=%2Fwp%2Fv2%2Fmedia&parent=391"}],"curies":[{"name":"wp","href":"https:\/\/api.w.org\/{rel}","templated":true}]}}