{"id":291,"date":"2023-07-19T23:12:01","date_gmt":"2023-07-19T21:12:01","guid":{"rendered":"https:\/\/www.exerzitien-gaming.at\/?page_id=291"},"modified":"2023-07-19T23:44:02","modified_gmt":"2023-07-19T21:44:02","slug":"downloads","status":"publish","type":"page","link":"https:\/\/www.exerzitien-gaming.at\/?page_id=291","title":{"rendered":"DOWNLOADS"},"content":{"rendered":"\n<p><strong>Die jeweiligen Vortragsfolien aus dem Jahr 2023 <\/strong>k\u00f6nnen direkt unterhalb der zugeh\u00f6rigen  Videos im Men\u00fcpunkt &#8222;Videos &#8211; Exerzitien 2023&#8220;  ge\u00f6ffnet bzw. heruntergeladen werden.<\/p>\n\n\n\n<p><strong>Alle Folien<\/strong> von den Vortr\u00e4gen 1 &#8211; 8 k\u00f6nnen mit dem <strong>folgenden Link als zip-File<\/strong> heruntergeladen werden &#8211; <strong>&#8222;ALLE Folien Exerzitien 2023 Heiliger Geist.zip&#8220;<\/strong>:<\/p>\n\n\n\n<p><a href=\"https:\/\/drive.google.com\/file\/d\/1a4nfHWIA4ez7SpfJSPWG_znbtzGF2xUt\/view?usp=drive_link\">https:\/\/drive.google.com\/file\/d\/1a4nfHWIA4ez7SpfJSPWG_znbtzGF2xUt\/view?usp=drive_link<\/a><\/p>\n\n\n\n<p><strong>Alle Folien<\/strong> von den Vortr\u00e4gen aus dem Jahr <strong>2022 <\/strong>k\u00f6nnen mit dem <strong>folgenden Link als zip-File<\/strong> heruntergeladen werden &#8211; <br><strong>&#8222;Folien Exerzitien_2022 Heilung &#8211; Leo Tanner.zip<\/strong>&#8222;<strong>:<\/strong><\/p>\n\n\n\n<p><a href=\"https:\/\/drive.google.com\/drive\/folders\/1suD2XI7y5VwOi4ZjXEFBzbjnbvMnorT4?usp=sharing\">https:\/\/drive.google.com\/drive\/folders\/1suD2XI7y5VwOi4ZjXEFBzbjnbvMnorT4?usp=sharing<\/a><\/p>\n","protected":false},"excerpt":{"rendered":"<p>Die jeweiligen Vortragsfolien aus dem Jahr 2023 k\u00f6nnen direkt unterhalb der zugeh\u00f6rigen Videos im Men\u00fcpunkt &#8222;Videos &#8211; Exerzitien 2023&#8220; ge\u00f6ffnet bzw. heruntergeladen werden. Alle Folien von den Vortr\u00e4gen 1 &#8211; 8 k\u00f6nnen mit dem folgenden Link als zip-File heruntergeladen werden &#8211; &#8222;ALLE Folien Exerzitien 2023 Heiliger Geist.zip&#8220;: https:\/\/drive.google.com\/file\/d\/1a4nfHWIA4ez7SpfJSPWG_znbtzGF2xUt\/view?usp=drive_link Alle Folien von den Vortr\u00e4gen aus dem &hellip; <a href=\"https:\/\/www.exerzitien-gaming.at\/?page_id=291\" class=\"more-link\"><span class=\"screen-reader-text\">DOWNLOADS<\/span> weiterlesen<\/a><\/p>\n","protected":false},"author":1,"featured_media":0,"parent":0,"menu_order":0,"comment_status":"closed","ping_status":"closed","template":"","meta":{"footnotes":""},"_links":{"self":[{"href":"https:\/\/www.exerzitien-gaming.at\/index.php?rest_route=\/wp\/v2\/pages\/291"}],"collection":[{"href":"https:\/\/www.exerzitien-gaming.at\/index.php?rest_route=\/wp\/v2\/pages"}],"about":[{"href":"https:\/\/www.exerzitien-gaming.at\/index.php?rest_route=\/wp\/v2\/types\/page"}],"author":[{"embeddable":true,"href":"https:\/\/www.exerzitien-gaming.at\/index.php?rest_route=\/wp\/v2\/users\/1"}],"replies":[{"embeddable":true,"href":"https:\/\/www.exerzitien-gaming.at\/index.php?rest_route=%2Fwp%2Fv2%2Fcomments&post=291"}],"version-history":[{"count":6,"href":"https:\/\/www.exerzitien-gaming.at\/index.php?rest_route=\/wp\/v2\/pages\/291\/revisions"}],"predecessor-version":[{"id":300,"href":"https:\/\/www.exerzitien-gaming.at\/index.php?rest_route=\/wp\/v2\/pages\/291\/revisions\/300"}],"wp:attachment":[{"href":"https:\/\/www.exerzitien-gaming.at\/index.php?rest_route=%2Fwp%2Fv2%2Fmedia&parent=291"}],"curies":[{"name":"wp","href":"https:\/\/api.w.org\/{rel}","templated":true}]}}