{"id":100,"date":"2021-05-13T21:56:34","date_gmt":"2021-05-13T19:56:34","guid":{"rendered":"https:\/\/www.exerzitien-gaming.at\/?page_id=100"},"modified":"2023-07-18T11:08:58","modified_gmt":"2023-07-18T09:08:58","slug":"spenden","status":"publish","type":"page","link":"https:\/\/www.exerzitien-gaming.at\/?page_id=100","title":{"rendered":"SPENDEN"},"content":{"rendered":"\n<p id=\"wnd_TextBlock_28458_inner_0\">Wir danken unseren Teilnehmerinnen und Teilnehmern sowie allen Personen, die durch ihre gro\u00dfz\u00fcgige Gabe unsere Vorbereitungen finanziell unterst\u00fctzt haben. Wir sp\u00fcren auch die Gebete und danken sehr f\u00fcr diese geistliche Hilfe auf unserem Weg der Vorbereitung und Begleitung der j\u00e4hrlichen Exerzitien.<\/p>\n\n\n\n<p>Die auf unserer Website verlinkten Videos und Unterlagen sollen f\u00fcr Sie\/euch und die geistlichen Gruppen zu Hause eine attraktives Angebot sein an den Exerzitien in einer individuellen Form teilnehmen zu k\u00f6nnen. Reichen Segen!<\/p>\n\n\n\n<p id=\"wnd_TextBlock_28458_inner_0\">Danke f\u00fcr Ihre\/eure\u00a0<strong>Unterst\u00fctzung<\/strong> in jeder Form!<\/p>\n\n\n\n<p><strong>Kontoname: &nbsp; &nbsp; &nbsp; &nbsp; &nbsp; &nbsp; &nbsp; &nbsp; &nbsp; &nbsp; &nbsp; &nbsp; &nbsp; &nbsp; &nbsp; &nbsp; &nbsp; &nbsp; &nbsp; &nbsp; &nbsp; &nbsp; &nbsp; &nbsp; &nbsp; &nbsp; Exerzitien Gaming<\/strong><strong><\/strong><\/p>\n\n\n\n<p><strong>IBAN: &nbsp; &nbsp; &nbsp; &nbsp; &nbsp; &nbsp; &nbsp; &nbsp; &nbsp; &nbsp; &nbsp; &nbsp; &nbsp; &nbsp; &nbsp; &nbsp; &nbsp; &nbsp; &nbsp; &nbsp; &nbsp; &nbsp; &nbsp; &nbsp; &nbsp; &nbsp; &nbsp; &nbsp; &nbsp; &nbsp; &nbsp; &nbsp; &nbsp; &nbsp;AT79 3293 9000 0009 6107<\/strong><\/p>\n\n\n\n<p><strong>Bank: &nbsp; &nbsp; &nbsp; &nbsp; &nbsp; &nbsp; &nbsp; &nbsp; &nbsp; &nbsp; &nbsp; &nbsp; &nbsp; &nbsp; &nbsp; &nbsp; &nbsp; &nbsp; &nbsp; &nbsp; &nbsp; &nbsp; &nbsp; &nbsp; &nbsp; &nbsp; &nbsp; &nbsp; Raiffeisenbank Mittleres Mostviertel<\/strong><\/p>\n\n\n\n<p><strong>BIC: &nbsp; &nbsp; &nbsp; &nbsp; &nbsp; &nbsp; &nbsp; &nbsp; &nbsp; &nbsp; &nbsp; &nbsp; &nbsp; &nbsp; &nbsp; &nbsp; &nbsp; &nbsp; &nbsp; &nbsp; &nbsp; &nbsp; &nbsp; &nbsp; &nbsp; &nbsp; &nbsp; &nbsp; &nbsp; &nbsp; &nbsp; &nbsp; &nbsp; &nbsp; &nbsp; RLNWATWW939<\/strong><\/p>\n\n\n\n<p><strong>Herzlichen\u00a0Dank und Gottes reichen Segen!<\/strong><br><strong>Ihr\/euer Team der Exerzitien Gaming!<\/strong><\/p>\n\n\n\n<p><\/p>\n","protected":false},"excerpt":{"rendered":"<p>Wir danken unseren Teilnehmerinnen und Teilnehmern sowie allen Personen, die durch ihre gro\u00dfz\u00fcgige Gabe unsere Vorbereitungen finanziell unterst\u00fctzt haben. Wir sp\u00fcren auch die Gebete und danken sehr f\u00fcr diese geistliche Hilfe auf unserem Weg der Vorbereitung und Begleitung der j\u00e4hrlichen Exerzitien. Die auf unserer Website verlinkten Videos und Unterlagen sollen f\u00fcr Sie\/euch und die geistlichen &hellip; <a href=\"https:\/\/www.exerzitien-gaming.at\/?page_id=100\" class=\"more-link\"><span class=\"screen-reader-text\">SPENDEN<\/span> weiterlesen<\/a><\/p>\n","protected":false},"author":1,"featured_media":0,"parent":0,"menu_order":0,"comment_status":"closed","ping_status":"closed","template":"","meta":{"footnotes":""},"_links":{"self":[{"href":"https:\/\/www.exerzitien-gaming.at\/index.php?rest_route=\/wp\/v2\/pages\/100"}],"collection":[{"href":"https:\/\/www.exerzitien-gaming.at\/index.php?rest_route=\/wp\/v2\/pages"}],"about":[{"href":"https:\/\/www.exerzitien-gaming.at\/index.php?rest_route=\/wp\/v2\/types\/page"}],"author":[{"embeddable":true,"href":"https:\/\/www.exerzitien-gaming.at\/index.php?rest_route=\/wp\/v2\/users\/1"}],"replies":[{"embeddable":true,"href":"https:\/\/www.exerzitien-gaming.at\/index.php?rest_route=%2Fwp%2Fv2%2Fcomments&post=100"}],"version-history":[{"count":5,"href":"https:\/\/www.exerzitien-gaming.at\/index.php?rest_route=\/wp\/v2\/pages\/100\/revisions"}],"predecessor-version":[{"id":275,"href":"https:\/\/www.exerzitien-gaming.at\/index.php?rest_route=\/wp\/v2\/pages\/100\/revisions\/275"}],"wp:attachment":[{"href":"https:\/\/www.exerzitien-gaming.at\/index.php?rest_route=%2Fwp%2Fv2%2Fmedia&parent=100"}],"curies":[{"name":"wp","href":"https:\/\/api.w.org\/{rel}","templated":true}]}}